{"id":1599,"date":"2024-04-03T20:45:01","date_gmt":"2024-04-03T18:45:01","guid":{"rendered":"https:\/\/herablend.com\/produkte\/"},"modified":"2026-03-19T10:25:52","modified_gmt":"2026-03-19T09:25:52","slug":"produkte","status":"publish","type":"page","link":"https:\/\/herablend.com\/de\/produkte\/","title":{"rendered":"Produkte"},"content":{"rendered":"<p>[et_pb_section fb_built=&#8220;1&#8243; _builder_version=&#8220;4.24.3&#8243; _module_preset=&#8220;default&#8220; background_color=&#8220;rgba(71,76,36,0.69)&#8220; background_image=&#8220;https:\/\/herablend.com\/wp-content\/uploads\/2024\/05\/cosmetic-2357981_1920.jpg&#8220; background_position=&#8220;bottom_center&#8220; background_blend=&#8220;multiply&#8220; background_enable_video_mp4=&#8220;off&#8220; custom_padding=&#8220;5%||5%||true|false&#8220; global_colors_info=&#8220;{}&#8220;][et_pb_row _builder_version=&#8220;4.24.3&#8243; _module_preset=&#8220;default&#8220; global_colors_info=&#8220;{}&#8220;][et_pb_column type=&#8220;4_4&#8243; _builder_version=&#8220;4.24.3&#8243; _module_preset=&#8220;default&#8220; global_colors_info=&#8220;{}&#8220;][et_pb_text _builder_version=&#8220;4.24.3&#8243; _module_preset=&#8220;default&#8220; text_font=&#8220;|300|||||||&#8220; text_font_size=&#8220;20px&#8220; header_font=&#8220;Open Sans||||||||&#8220; header_font_size=&#8220;44px&#8220; header_line_height=&#8220;1.3em&#8220; header_2_font=&#8220;|||on|||||&#8220; header_2_font_size=&#8220;55px&#8220; header_2_line_height=&#8220;1.3em&#8220; text_orientation=&#8220;center&#8220; background_layout=&#8220;dark&#8220; custom_margin=&#8220;||20px|||&#8220; header_font_size_tablet=&#8220;44px&#8220; header_font_size_phone=&#8220;26px&#8220; header_font_size_last_edited=&#8220;on|phone&#8220; header_2_font_size_tablet=&#8220;55px&#8220; header_2_font_size_phone=&#8220;36px&#8220; header_2_font_size_last_edited=&#8220;on|phone&#8220; global_colors_info=&#8220;{}&#8220;]<\/p>\n<h2>Produkte<\/h2>\n<h1>Nahrungserg\u00e4nzungsmittel &amp; Kosmetik<\/h1>\n<p>[\/et_pb_text][et_pb_button button_url=&#8220;https:\/\/herablend.com\/de\/kontakt\/&#8220; button_text=&#8220;Kontakt&#8220; button_alignment=&#8220;center&#8220; _builder_version=&#8220;4.24.3&#8243; _module_preset=&#8220;default&#8220; custom_button=&#8220;on&#8220; button_text_size=&#8220;17px&#8220; button_text_color=&#8220;#FFFFFF&#8220; button_bg_color=&#8220;#D4AF37&#8243; button_border_color=&#8220;#D4AF37&#8243; custom_padding=&#8220;|30px||30px|false|true&#8220; global_colors_info=&#8220;{}&#8220; button_bg_color__hover_enabled=&#8220;on|hover&#8220; button_bg_color__hover=&#8220;#474C24&#8243; button_bg_enable_color__hover=&#8220;on&#8220; button_border_color__hover_enabled=&#8220;on|hover&#8220; button_border_color__hover=&#8220;#474C24&#8243;][\/et_pb_button][\/et_pb_column][\/et_pb_row][\/et_pb_section][et_pb_section fb_built=&#8220;1&#8243; _builder_version=&#8220;4.24.3&#8243; _module_preset=&#8220;default&#8220; background_enable_image=&#8220;off&#8220; background_size=&#8220;custom&#8220; background_image_width=&#8220;10%&#8220; custom_padding=&#8220;||||false|false&#8220; global_colors_info=&#8220;{}&#8220;][et_pb_row column_structure=&#8220;1_3,1_3,1_3&#8243; _builder_version=&#8220;4.24.3&#8243; _module_preset=&#8220;default&#8220; custom_padding=&#8220;8px|||||&#8220; global_colors_info=&#8220;{}&#8220;][et_pb_column type=&#8220;1_3&#8243; module_class=&#8220;ds-vertical-align &#8220; _builder_version=&#8220;4.24.3&#8243; _module_preset=&#8220;default&#8220; global_colors_info=&#8220;{}&#8220;][et_pb_blurb title=&#8220;Nahrungserg\u00e4nzungsmittel&#8220; image=&#8220;https:\/\/herablend.com\/wp-content\/uploads\/2024\/06\/pills_723588332.jpg&#8220; _builder_version=&#8220;4.24.3&#8243; _module_preset=&#8220;default&#8220; header_level=&#8220;h2&#8243; header_font_size=&#8220;27px&#8220; text_orientation=&#8220;center&#8220; custom_margin=&#8220;0px||26px||false|false&#8220; custom_padding=&#8220;0px||||false|false&#8220; locked=&#8220;off&#8220; global_colors_info=&#8220;{}&#8220;]<\/p>\n<p><span>Erleben Sie die Vorteile unserer sorgf\u00e4ltig hergestellten Nahrungserg\u00e4nzungsmittel, die darauf ausgelegt sind, Ihre Gesundheits- und Wellnessreise zu unterst\u00fctzen. Von Vitamin- und Mineralstoffmischungen bis hin zu Kr\u00e4uterextrakten und Spezialformeln \u2013 unsere Supplemente werden mit Blick auf Ihr Wohlbefinden formuliert. <\/span><\/p>\n<p>[\/et_pb_blurb][et_pb_button button_url=&#8220;https:\/\/herablend.com\/products\/food-supplements\/&#8220; button_text=&#8220;Nahrungserg\u00e4nzungsmittel&#8220; button_alignment=&#8220;center&#8220; _builder_version=&#8220;4.24.3&#8243; _module_preset=&#8220;default&#8220; custom_button=&#8220;on&#8220; button_text_size=&#8220;17px&#8220; button_text_color=&#8220;#FFFFFF&#8220; button_bg_color=&#8220;#D4AF37&#8243; button_border_color=&#8220;#D4AF37&#8243; custom_padding=&#8220;|30px||30px|false|true&#8220; locked=&#8220;off&#8220; global_colors_info=&#8220;{}&#8220; button_bg_color__hover_enabled=&#8220;on|hover&#8220; button_bg_color__hover=&#8220;#474C24&#8243; button_bg_enable_color__hover=&#8220;on&#8220; button_border_color__hover_enabled=&#8220;on|hover&#8220; button_border_color__hover=&#8220;#474C24&#8243;][\/et_pb_button][\/et_pb_column][et_pb_column type=&#8220;1_3&#8243; module_class=&#8220;ds-vertical-align &#8220; _builder_version=&#8220;4.24.3&#8243; _module_preset=&#8220;default&#8220; global_colors_info=&#8220;{}&#8220;][et_pb_blurb title=&#8220;Kosmetik&#8220; image=&#8220;https:\/\/herablend.com\/wp-content\/uploads\/2024\/06\/Izdelek-brez-naslova-2-3.png&#8220; _builder_version=&#8220;4.24.3&#8243; _module_preset=&#8220;default&#8220; header_level=&#8220;h2&#8243; header_font_size=&#8220;27px&#8220; text_orientation=&#8220;center&#8220; custom_margin=&#8220;0px||26px||false|false&#8220; custom_padding=&#8220;0px||||false|false&#8220; global_colors_info=&#8220;{}&#8220;]<\/p>\n<p><span>G\u00f6nnen Sie sich den Luxus unserer Premium-Kosmetik, die mit Sorgfalt entwickelt wurde, um Ihre nat\u00fcrliche Sch\u00f6nheit zu unterstreichen. Von unverzichtbarer Hautpflege bis hin zu Make-up-Must-haves \u2013 unsere Kosmetikprodukte werden mit den feinsten Inhaltsstoffen formuliert, um beeindruckende Ergebnisse zu erzielen. <\/span><\/p>\n<p>[\/et_pb_blurb][et_pb_button button_url=&#8220;https:\/\/herablend.com\/products\/cosmetics\/&#8220; button_text=&#8220;Kosmetik&#8220; button_alignment=&#8220;center&#8220; _builder_version=&#8220;4.24.3&#8243; _module_preset=&#8220;default&#8220; custom_button=&#8220;on&#8220; button_text_size=&#8220;17px&#8220; button_text_color=&#8220;#FFFFFF&#8220; button_bg_color=&#8220;#D4AF37&#8243; button_border_color=&#8220;#D4AF37&#8243; custom_padding=&#8220;|30px||30px|false|true&#8220; locked=&#8220;off&#8220; global_colors_info=&#8220;{}&#8220; button_bg_color__hover_enabled=&#8220;on|hover&#8220; button_bg_color__hover=&#8220;#474C24&#8243; button_bg_enable_color__hover=&#8220;on&#8220; button_border_color__hover_enabled=&#8220;on|hover&#8220; button_border_color__hover=&#8220;#474C24&#8243;][\/et_pb_button][\/et_pb_column][et_pb_column type=&#8220;1_3&#8243; module_class=&#8220;ds-vertical-align &#8220; _builder_version=&#8220;4.24.3&#8243; _module_preset=&#8220;default&#8220; global_colors_info=&#8220;{}&#8220;][et_pb_blurb title=&#8220;Hera Blend Produkte&#8220; image=&#8220;https:\/\/herablend.com\/wp-content\/uploads\/2024\/05\/Pill-Bottle-Mockup-Hera.jpg&#8220; _builder_version=&#8220;4.24.3&#8243; _module_preset=&#8220;default&#8220; header_level=&#8220;h2&#8243; header_font_size=&#8220;27px&#8220; text_orientation=&#8220;center&#8220; custom_margin=&#8220;0px||26px||false|false&#8220; custom_padding=&#8220;0px||||false|false&#8220; global_colors_info=&#8220;{}&#8220;]<\/p>\n<p><span>G\u00f6nnen Sie sich den Luxus unserer Premium-Kosmetik, die mit Sorgfalt entwickelt wurde, um Ihre nat\u00fcrliche Sch\u00f6nheit zu unterstreichen. Von unverzichtbarer Hautpflege bis hin zu Make-up-Must-haves \u2013 unsere Kosmetikprodukte werden mit den feinsten Inhaltsstoffen formuliert, um beeindruckende Ergebnisse zu erzielen. <\/span><\/p>\n<p>[\/et_pb_blurb][et_pb_button button_url=&#8220;#&#8220; button_text=&#8220;Demn\u00e4chst verf\u00fcgbar!&#8220; button_alignment=&#8220;center&#8220; _builder_version=&#8220;4.24.3&#8243; _module_preset=&#8220;default&#8220; custom_button=&#8220;on&#8220; button_text_size=&#8220;17px&#8220; button_text_color=&#8220;#FFFFFF&#8220; button_bg_color=&#8220;#D4AF37&#8243; button_border_color=&#8220;#D4AF37&#8243; custom_padding=&#8220;|30px||30px|false|true&#8220; locked=&#8220;off&#8220; global_colors_info=&#8220;{}&#8220; button_bg_color__hover_enabled=&#8220;on|hover&#8220; button_bg_color__hover=&#8220;#474C24&#8243; button_bg_enable_color__hover=&#8220;on&#8220; button_border_color__hover_enabled=&#8220;on|hover&#8220; button_border_color__hover=&#8220;#474C24&#8243;][\/et_pb_button][\/et_pb_column][\/et_pb_row][\/et_pb_section][et_pb_section fb_built=&#8220;1&#8243; _builder_version=&#8220;4.24.3&#8243; _module_preset=&#8220;default&#8220; use_background_color_gradient=&#8220;on&#8220; background_color_gradient_stops=&#8220;rgba(255,255,255,0.51) 0%|rgba(255,255,255,0.45) 100%&#8220; background_color_gradient_overlays_image=&#8220;on&#8220; background_image=&#8220;https:\/\/herablend.com\/wp-content\/uploads\/2024\/06\/pills-color-hera-1582472_1920.jpg&#8220; parallax=&#8220;on&#8220; parallax_method=&#8220;off&#8220; global_colors_info=&#8220;{}&#8220;][et_pb_row _builder_version=&#8220;4.24.3&#8243; _module_preset=&#8220;default&#8220; global_colors_info=&#8220;{}&#8220;][et_pb_column type=&#8220;4_4&#8243; _builder_version=&#8220;4.24.3&#8243; _module_preset=&#8220;default&#8220; global_colors_info=&#8220;{}&#8220;][et_pb_cta title=&#8220;Revolution\u00e4re Beschichtungstechnologie f\u00fcr erstklassige Nahrungserg\u00e4nzungsmittel&#8220; button_url=&#8220;https:\/\/herablend.com\/request-a-quote\/&#8220; button_text=&#8220;Erfahren Sie mehr \u00fcber unsere Beschichtungstechnologie&#8220; _builder_version=&#8220;4.24.3&#8243; _module_preset=&#8220;default&#8220; header_font=&#8220;|700|||||||&#8220; header_text_color=&#8220;#D4AF37&#8243; header_font_size=&#8220;32px&#8220; body_text_color=&#8220;#000000&#8243; background_color=&#8220;#FFFFFF&#8220; custom_button=&#8220;on&#8220; button_text_color=&#8220;#D4AF37&#8243; button_bg_color=&#8220;#FFFFFF&#8220; button_alignment=&#8220;center&#8220; button_custom_padding=&#8220;20px|20px|20px|20px|true|true&#8220; background_layout=&#8220;light&#8220; hover_enabled=&#8220;0&#8243; global_colors_info=&#8220;{}&#8220; custom_padding_last_edited=&#8220;on|phone&#8220; custom_padding_phone=&#8220;|10px||10px|false|true&#8220; header_font_size_last_edited=&#8220;on|phone&#8220; header_font_size_phone=&#8220;24px&#8220; sticky_enabled=&#8220;0&#8243; header_font_size_tablet=&#8220;32px&#8220;]<\/p>\n<h3>Entdecken Sie mit Hera Blend die neuesten Fortschritte in der Tablettenbeschichtung<\/h3>\n<p>Verbesserte Bioverf\u00fcgbarkeit<br \/>Optimierte Stabilit\u00e4t und Haltbarkeit<br \/>Anpassbare Beschichtungsoptionen<\/p>\n<p>[\/et_pb_cta][\/et_pb_column][\/et_pb_row][\/et_pb_section][et_pb_section fb_built=&#8220;1&#8243; _builder_version=&#8220;4.24.3&#8243; _module_preset=&#8220;default&#8220; use_background_color_gradient=&#8220;on&#8220; background_color_gradient_type=&#8220;circular&#8220; background_color_gradient_stops=&#8220;#ffffff 0%|rgba(212,175,55,0) 100%&#8220; background_color_gradient_overlays_image=&#8220;on&#8220; background_image=&#8220;https:\/\/herablend.com\/wp-content\/uploads\/2024\/04\/DSC_2117.jpg&#8220; custom_padding=&#8220;49px||43px|||&#8220; global_module=&#8220;238&#8243; saved_tabs=&#8220;all&#8220; global_colors_info=&#8220;{}&#8220;][et_pb_row use_custom_gutter=&#8220;on&#8220; gutter_width=&#8220;2&#8243; make_equal=&#8220;on&#8220; _builder_version=&#8220;4.24.3&#8243; _module_preset=&#8220;default&#8220; width=&#8220;90%&#8220; width_tablet=&#8220;80%&#8220; width_phone=&#8220;&#8220; width_last_edited=&#8220;on|tablet&#8220; custom_padding=&#8220;||16px|||&#8220; locked=&#8220;off&#8220; global_colors_info=&#8220;{}&#8220;][et_pb_column type=&#8220;4_4&#8243; module_class=&#8220;ds-vertical-align &#8220; _builder_version=&#8220;4.24.3&#8243; _module_preset=&#8220;default&#8220; global_colors_info=&#8220;{}&#8220;][et_pb_text _builder_version=&#8220;4.24.3&#8243; _module_preset=&#8220;default&#8220; header_2_font=&#8220;|700|||||||&#8220; header_2_text_color=&#8220;#474C24&#8243; header_2_font_size=&#8220;31px&#8220; header_2_line_height=&#8220;1.3em&#8220; text_orientation=&#8220;center&#8220; custom_margin=&#8220;||15px|||&#8220; header_2_font_size_tablet=&#8220;&#8220; header_2_font_size_phone=&#8220;26px&#8220; header_2_font_size_last_edited=&#8220;on|phone&#8220; global_colors_info=&#8220;{}&#8220;]<\/p>\n<h2>WIR DENKEN F\u00dcR SIE VORAUS!<\/h2>\n<p>[\/et_pb_text][et_pb_text _builder_version=&#8220;4.24.3&#8243; _module_preset=&#8220;default&#8220; header_3_font=&#8220;|700|||||||&#8220; header_3_line_height=&#8220;1.2em&#8220; text_orientation=&#8220;center&#8220; global_colors_info=&#8220;{}&#8220;]<\/p>\n<h3>Mehr als 450.000 zufriedene Endverbraucher. Werden Sie unser Partner und k\u00fcmmern Sie sich um Ihre Kunden. Innovative Inhaltsstoffe f\u00fcr die Zukunft.  <\/h3>\n<p>[\/et_pb_text][et_pb_button button_url=&#8220;https:\/\/herablend.com\/de\/kontakt\/&#8220; button_text=&#8220;Kontakt&#8220; button_alignment=&#8220;center&#8220; _builder_version=&#8220;4.24.3&#8243; _module_preset=&#8220;default&#8220; custom_button=&#8220;on&#8220; button_text_size=&#8220;17px&#8220; button_text_color=&#8220;#FFFFFF&#8220; button_bg_color=&#8220;#D4AF37&#8243; button_border_color=&#8220;#D4AF37&#8243; button_font=&#8220;||||||||&#8220; button_use_icon=&#8220;off&#8220; background_layout=&#8220;dark&#8220; custom_padding=&#8220;|30px||30px|false|true&#8220; custom_padding_tablet=&#8220;&#8220; custom_padding_phone=&#8220;||||false|true&#8220; custom_padding_last_edited=&#8220;on|phone&#8220; hover_enabled=&#8220;0&#8243; button_text_size_tablet=&#8220;&#8220; button_text_size_phone=&#8220;16px&#8220; button_text_size_last_edited=&#8220;on|phone&#8220; global_colors_info=&#8220;{}&#8220; button_bg_color__hover=&#8220;#474C24&#8243; button_bg_color__hover_enabled=&#8220;on|hover&#8220; button_border_color__hover=&#8220;#474C24&#8243; button_border_color__hover_enabled=&#8220;on|hover&#8220; sticky_enabled=&#8220;0&#8243;][\/et_pb_button][\/et_pb_column][\/et_pb_row][\/et_pb_section][et_pb_section fb_built=&#8220;1&#8243; _builder_version=&#8220;4.24.3&#8243; _module_preset=&#8220;default&#8220; background_color=&#8220;#474C24&#8243; custom_padding=&#8220;46px||42px|||&#8220; global_module=&#8220;721&#8243; saved_tabs=&#8220;all&#8220; global_colors_info=&#8220;{}&#8220;][et_pb_row column_structure=&#8220;1_5,1_5,1_5,1_5,1_5&#8243; _builder_version=&#8220;4.24.3&#8243; _module_preset=&#8220;default&#8220; custom_padding=&#8220;34px||0px|||&#8220; global_colors_info=&#8220;{}&#8220;][et_pb_column type=&#8220;1_5&#8243; _builder_version=&#8220;4.24.3&#8243; _module_preset=&#8220;default&#8220; global_colors_info=&#8220;{}&#8220;][et_pb_image src=&#8220;https:\/\/herablend.com\/wp-content\/uploads\/2024\/04\/cropped-logo-social.png&#8220; title_text=&#8220;cropped-logo-social.png&#8220; _builder_version=&#8220;4.24.3&#8243; _module_preset=&#8220;default&#8220; background_color=&#8220;#FFFFFF&#8220; width=&#8220;180px&#8220; global_colors_info=&#8220;{}&#8220;][\/et_pb_image][\/et_pb_column][et_pb_column type=&#8220;1_5&#8243; _builder_version=&#8220;4.24.3&#8243; _module_preset=&#8220;default&#8220; global_colors_info=&#8220;{}&#8220;][et_pb_text _builder_version=&#8220;4.24.3&#8243; _module_preset=&#8220;default&#8220; text_text_color=&#8220;#FFFFFF&#8220; header_3_font=&#8220;|||on|||||&#8220; header_3_line_height=&#8220;1.2em&#8220; background_layout=&#8220;dark&#8220; custom_margin=&#8220;||||false|false&#8220; locked=&#8220;off&#8220; global_colors_info=&#8220;{}&#8220;]<\/p>\n<h3>Hera Blend<\/h3>\n<p><span style=\"font-weight: 400;\">Die spezialisierten White-Label- und Private-Label-Dienstleistungen <\/span><span style=\"font-weight: 400;\">von Olium d.o.o.<\/span><\/p>\n<p>WHITE LABEL UND PRIVATE NISCHEN-NAHRUNGSERG\u00c4NZUNGSMITTEL<\/p>\n<p>[\/et_pb_text][et_pb_image src=&#8220;https:\/\/herablend.com\/wp-content\/uploads\/2024\/05\/certificates.jpg&#8220; title_text=&#8220;Zertifikate&#8220; _builder_version=&#8220;4.24.3&#8243; _module_preset=&#8220;default&#8220; global_colors_info=&#8220;{}&#8220;][\/et_pb_image][\/et_pb_column][et_pb_column type=&#8220;1_5&#8243; _builder_version=&#8220;4.24.3&#8243; _module_preset=&#8220;default&#8220; global_colors_info=&#8220;{}&#8220;][et_pb_text _builder_version=&#8220;4.24.3&#8243; _module_preset=&#8220;default&#8220; text_text_color=&#8220;#FFFFFF&#8220; header_3_line_height=&#8220;1.2em&#8220; background_layout=&#8220;dark&#8220; custom_margin=&#8220;||||false|false&#8220; custom_padding=&#8220;|||20%|false|false&#8220; custom_padding_tablet=&#8220;|||0%|false|false&#8220; custom_padding_phone=&#8220;&#8220; custom_padding_last_edited=&#8220;on|tablet&#8220; global_colors_info=&#8220;{}&#8220;]<\/p>\n<h3><a href=\"\/\"><span>Startseite <\/span><\/a><br \/><a href=\"https:\/\/herablend.com\/services\/\"><span>Dienstleistungen<\/span><\/a><br \/><a href=\"https:\/\/herablend.com\/de\/produkte\/\"><span>Produkte<\/span><\/a><br \/><a href=\"https:\/\/herablend.com\/de\/blog\/\"><span>Blog<\/span><\/a><br \/><a href=\"https:\/\/herablend.com\/de\/ueber-uns\/\"><span>\u00dcber uns<\/span><\/a><br \/><a href=\"https:\/\/herablend.com\/de\/kontakt\/\"><span>Kontakt<\/span><\/a><br \/><a href=\"https:\/\/herablend.com\/wp-content\/uploads\/2024\/05\/4694-Certifikat-24.pdf\"><span>Unsere Zertifikate<\/span><\/a><\/h3>\n<p>[\/et_pb_text][\/et_pb_column][et_pb_column type=&#8220;1_5&#8243; _builder_version=&#8220;4.24.3&#8243; _module_preset=&#8220;default&#8220; global_colors_info=&#8220;{}&#8220;][et_pb_image src=&#8220;https:\/\/herablend.com\/wp-content\/uploads\/2024\/05\/olium-logo.png&#8220; title_text=&#8220;olium-logo&#8220; align=&#8220;center&#8220; _builder_version=&#8220;4.24.3&#8243; _module_preset=&#8220;default&#8220; global_colors_info=&#8220;{}&#8220;][\/et_pb_image][\/et_pb_column][et_pb_column type=&#8220;1_5&#8243; _builder_version=&#8220;4.24.3&#8243; _module_preset=&#8220;default&#8220; global_colors_info=&#8220;{}&#8220;][et_pb_text _builder_version=&#8220;4.24.3&#8243; _module_preset=&#8220;default&#8220; text_text_color=&#8220;#FFFFFF&#8220; header_3_font_size=&#8220;18px&#8220; header_3_line_height=&#8220;1.4em&#8220; background_layout=&#8220;dark&#8220; custom_margin=&#8220;||||false|false&#8220; locked=&#8220;off&#8220; global_colors_info=&#8220;{}&#8220;]<\/p>\n<h3>Vanganelska cesta 26,<br \/>6000 Koper<br \/>Slowenien EU<\/h3>\n<h4>E-Mail: <a href=\"mailto:info@herablend.com\">info@herablend.com<\/a><\/h4>\n<h4>Mobil: +386 30 440 742<\/h4>\n<h4><\/h4>\n<p>[\/et_pb_text][\/et_pb_column][\/et_pb_row][\/et_pb_section]<\/p>\n","protected":false},"excerpt":{"rendered":"<p>Produkte Nahrungserg\u00e4nzungsmittel &amp; KosmetikErleben Sie die Vorteile unserer sorgf\u00e4ltig hergestellten Nahrungserg\u00e4nzungsmittel, die darauf ausgelegt sind, Ihre Gesundheits- und Wellnessreise zu unterst\u00fctzen. Von Vitamin- und Mineralstoffmischungen bis hin zu Kr\u00e4uterextrakten und Spezialformeln \u2013 unsere Supplemente werden mit Blick auf Ihr Wohlbefinden formuliert. G\u00f6nnen Sie sich den Luxus unserer Premium-Kosmetik, die mit Sorgfalt entwickelt wurde, um Ihre [&hellip;]<\/p>\n","protected":false},"author":2,"featured_media":0,"parent":0,"menu_order":0,"comment_status":"closed","ping_status":"closed","template":"","meta":{"_et_pb_use_builder":"on","_et_pb_old_content":"","_et_gb_content_width":"","footnotes":""},"class_list":["post-1599","page","type-page","status-publish","hentry"],"yoast_head":"<!-- This site is optimized with the Yoast SEO plugin v26.9 - https:\/\/yoast.com\/product\/yoast-seo-wordpress\/ -->\n<title>Produkte - Hera Blend<\/title>\n<meta name=\"robots\" content=\"index, follow, max-snippet:-1, max-image-preview:large, max-video-preview:-1\" \/>\n<link rel=\"canonical\" href=\"https:\/\/herablend.com\/de\/produkte\/\" \/>\n<meta property=\"og:locale\" content=\"de_DE\" \/>\n<meta property=\"og:type\" content=\"article\" \/>\n<meta property=\"og:title\" content=\"Produkte - Hera Blend\" \/>\n<meta property=\"og:description\" content=\"Produkte Nahrungserg\u00e4nzungsmittel &amp; KosmetikErleben Sie die Vorteile unserer sorgf\u00e4ltig hergestellten Nahrungserg\u00e4nzungsmittel, die darauf ausgelegt sind, Ihre Gesundheits- und Wellnessreise zu unterst\u00fctzen. Von Vitamin- und Mineralstoffmischungen bis hin zu Kr\u00e4uterextrakten und Spezialformeln \u2013 unsere Supplemente werden mit Blick auf Ihr Wohlbefinden formuliert. G\u00f6nnen Sie sich den Luxus unserer Premium-Kosmetik, die mit Sorgfalt entwickelt wurde, um Ihre [&hellip;]\" \/>\n<meta property=\"og:url\" content=\"https:\/\/herablend.com\/de\/produkte\/\" \/>\n<meta property=\"og:site_name\" content=\"Hera Blend\" \/>\n<meta property=\"article:modified_time\" content=\"2026-03-19T09:25:52+00:00\" \/>\n<meta name=\"twitter:card\" content=\"summary_large_image\" \/>\n<meta name=\"twitter:label1\" content=\"Gesch\u00e4tzte Lesezeit\" \/>\n\t<meta name=\"twitter:data1\" content=\"9\u00a0Minuten\" \/>\n<script type=\"application\/ld+json\" class=\"yoast-schema-graph\">{\"@context\":\"https:\/\/schema.org\",\"@graph\":[{\"@type\":\"WebPage\",\"@id\":\"https:\/\/herablend.com\/de\/produkte\/\",\"url\":\"https:\/\/herablend.com\/de\/produkte\/\",\"name\":\"Produkte - Hera Blend\",\"isPartOf\":{\"@id\":\"https:\/\/herablend.com\/de\/#website\"},\"datePublished\":\"2024-04-03T18:45:01+00:00\",\"dateModified\":\"2026-03-19T09:25:52+00:00\",\"breadcrumb\":{\"@id\":\"https:\/\/herablend.com\/de\/produkte\/#breadcrumb\"},\"inLanguage\":\"de\",\"potentialAction\":[{\"@type\":\"ReadAction\",\"target\":[\"https:\/\/herablend.com\/de\/produkte\/\"]}]},{\"@type\":\"BreadcrumbList\",\"@id\":\"https:\/\/herablend.com\/de\/produkte\/#breadcrumb\",\"itemListElement\":[{\"@type\":\"ListItem\",\"position\":1,\"name\":\"Home\",\"item\":\"https:\/\/herablend.com\/de\/startseite\/\"},{\"@type\":\"ListItem\",\"position\":2,\"name\":\"Produkte\"}]},{\"@type\":\"WebSite\",\"@id\":\"https:\/\/herablend.com\/de\/#website\",\"url\":\"https:\/\/herablend.com\/de\/\",\"name\":\"Hera Blend\",\"description\":\"Private and white label tablets and food supplements\",\"publisher\":{\"@id\":\"https:\/\/herablend.com\/de\/#organization\"},\"potentialAction\":[{\"@type\":\"SearchAction\",\"target\":{\"@type\":\"EntryPoint\",\"urlTemplate\":\"https:\/\/herablend.com\/de\/?s={search_term_string}\"},\"query-input\":{\"@type\":\"PropertyValueSpecification\",\"valueRequired\":true,\"valueName\":\"search_term_string\"}}],\"inLanguage\":\"de\"},{\"@type\":\"Organization\",\"@id\":\"https:\/\/herablend.com\/de\/#organization\",\"name\":\"Hera Blend\",\"url\":\"https:\/\/herablend.com\/de\/\",\"logo\":{\"@type\":\"ImageObject\",\"inLanguage\":\"de\",\"@id\":\"https:\/\/herablend.com\/de\/#\/schema\/logo\/image\/\",\"url\":\"https:\/\/herablend.com\/wp-content\/uploads\/2024\/06\/logo-web-hera-solutions-handwriting.png\",\"contentUrl\":\"https:\/\/herablend.com\/wp-content\/uploads\/2024\/06\/logo-web-hera-solutions-handwriting.png\",\"width\":1096,\"height\":363,\"caption\":\"Hera Blend\"},\"image\":{\"@id\":\"https:\/\/herablend.com\/de\/#\/schema\/logo\/image\/\"}}]}<\/script>\n<!-- \/ Yoast SEO plugin. -->","yoast_head_json":{"title":"Produkte - Hera Blend","robots":{"index":"index","follow":"follow","max-snippet":"max-snippet:-1","max-image-preview":"max-image-preview:large","max-video-preview":"max-video-preview:-1"},"canonical":"https:\/\/herablend.com\/de\/produkte\/","og_locale":"de_DE","og_type":"article","og_title":"Produkte - Hera Blend","og_description":"Produkte Nahrungserg\u00e4nzungsmittel &amp; KosmetikErleben Sie die Vorteile unserer sorgf\u00e4ltig hergestellten Nahrungserg\u00e4nzungsmittel, die darauf ausgelegt sind, Ihre Gesundheits- und Wellnessreise zu unterst\u00fctzen. Von Vitamin- und Mineralstoffmischungen bis hin zu Kr\u00e4uterextrakten und Spezialformeln \u2013 unsere Supplemente werden mit Blick auf Ihr Wohlbefinden formuliert. G\u00f6nnen Sie sich den Luxus unserer Premium-Kosmetik, die mit Sorgfalt entwickelt wurde, um Ihre [&hellip;]","og_url":"https:\/\/herablend.com\/de\/produkte\/","og_site_name":"Hera Blend","article_modified_time":"2026-03-19T09:25:52+00:00","twitter_card":"summary_large_image","twitter_misc":{"Gesch\u00e4tzte Lesezeit":"9\u00a0Minuten"},"schema":{"@context":"https:\/\/schema.org","@graph":[{"@type":"WebPage","@id":"https:\/\/herablend.com\/de\/produkte\/","url":"https:\/\/herablend.com\/de\/produkte\/","name":"Produkte - Hera Blend","isPartOf":{"@id":"https:\/\/herablend.com\/de\/#website"},"datePublished":"2024-04-03T18:45:01+00:00","dateModified":"2026-03-19T09:25:52+00:00","breadcrumb":{"@id":"https:\/\/herablend.com\/de\/produkte\/#breadcrumb"},"inLanguage":"de","potentialAction":[{"@type":"ReadAction","target":["https:\/\/herablend.com\/de\/produkte\/"]}]},{"@type":"BreadcrumbList","@id":"https:\/\/herablend.com\/de\/produkte\/#breadcrumb","itemListElement":[{"@type":"ListItem","position":1,"name":"Home","item":"https:\/\/herablend.com\/de\/startseite\/"},{"@type":"ListItem","position":2,"name":"Produkte"}]},{"@type":"WebSite","@id":"https:\/\/herablend.com\/de\/#website","url":"https:\/\/herablend.com\/de\/","name":"Hera Blend","description":"Private and white label tablets and food supplements","publisher":{"@id":"https:\/\/herablend.com\/de\/#organization"},"potentialAction":[{"@type":"SearchAction","target":{"@type":"EntryPoint","urlTemplate":"https:\/\/herablend.com\/de\/?s={search_term_string}"},"query-input":{"@type":"PropertyValueSpecification","valueRequired":true,"valueName":"search_term_string"}}],"inLanguage":"de"},{"@type":"Organization","@id":"https:\/\/herablend.com\/de\/#organization","name":"Hera Blend","url":"https:\/\/herablend.com\/de\/","logo":{"@type":"ImageObject","inLanguage":"de","@id":"https:\/\/herablend.com\/de\/#\/schema\/logo\/image\/","url":"https:\/\/herablend.com\/wp-content\/uploads\/2024\/06\/logo-web-hera-solutions-handwriting.png","contentUrl":"https:\/\/herablend.com\/wp-content\/uploads\/2024\/06\/logo-web-hera-solutions-handwriting.png","width":1096,"height":363,"caption":"Hera Blend"},"image":{"@id":"https:\/\/herablend.com\/de\/#\/schema\/logo\/image\/"}}]}},"_links":{"self":[{"href":"https:\/\/herablend.com\/de\/wp-json\/wp\/v2\/pages\/1599","targetHints":{"allow":["GET"]}}],"collection":[{"href":"https:\/\/herablend.com\/de\/wp-json\/wp\/v2\/pages"}],"about":[{"href":"https:\/\/herablend.com\/de\/wp-json\/wp\/v2\/types\/page"}],"author":[{"embeddable":true,"href":"https:\/\/herablend.com\/de\/wp-json\/wp\/v2\/users\/2"}],"replies":[{"embeddable":true,"href":"https:\/\/herablend.com\/de\/wp-json\/wp\/v2\/comments?post=1599"}],"version-history":[{"count":2,"href":"https:\/\/herablend.com\/de\/wp-json\/wp\/v2\/pages\/1599\/revisions"}],"predecessor-version":[{"id":1601,"href":"https:\/\/herablend.com\/de\/wp-json\/wp\/v2\/pages\/1599\/revisions\/1601"}],"wp:attachment":[{"href":"https:\/\/herablend.com\/de\/wp-json\/wp\/v2\/media?parent=1599"}],"curies":[{"name":"wp","href":"https:\/\/api.w.org\/{rel}","templated":true}]}}