{"id":1603,"date":"2024-04-04T14:23:42","date_gmt":"2024-04-04T12:23:42","guid":{"rendered":"https:\/\/herablend.com\/produkte\/kosmetik\/"},"modified":"2026-03-19T10:26:47","modified_gmt":"2026-03-19T09:26:47","slug":"kosmetik","status":"publish","type":"page","link":"https:\/\/herablend.com\/de\/produkte\/kosmetik\/","title":{"rendered":"Kosmetik"},"content":{"rendered":"<p>[et_pb_section fb_built=&#8220;1&#8243; _builder_version=&#8220;4.24.3&#8243; _module_preset=&#8220;default&#8220; background_color=&#8220;rgba(71,76,36,0.69)&#8220; background_image=&#8220;https:\/\/herablend.com\/wp-content\/uploads\/2024\/06\/hera-cosmetics.jpg&#8220; background_blend=&#8220;multiply&#8220; background_enable_video_mp4=&#8220;off&#8220; custom_padding=&#8220;5%||5%||true|false&#8220; global_colors_info=&#8220;{}&#8220;][et_pb_row _builder_version=&#8220;4.24.3&#8243; _module_preset=&#8220;default&#8220; global_colors_info=&#8220;{}&#8220;][et_pb_column type=&#8220;4_4&#8243; _builder_version=&#8220;4.24.3&#8243; _module_preset=&#8220;default&#8220; global_colors_info=&#8220;{}&#8220;][et_pb_text _builder_version=&#8220;4.24.3&#8243; _module_preset=&#8220;default&#8220; text_font=&#8220;|300|||||||&#8220; text_font_size=&#8220;20px&#8220; header_font=&#8220;Open Sans||||||||&#8220; header_font_size=&#8220;44px&#8220; header_line_height=&#8220;1.3em&#8220; header_2_font=&#8220;|||on|||||&#8220; header_2_font_size=&#8220;55px&#8220; header_2_line_height=&#8220;1.3em&#8220; text_orientation=&#8220;center&#8220; background_layout=&#8220;dark&#8220; custom_margin=&#8220;||20px|||&#8220; header_font_size_tablet=&#8220;44px&#8220; header_font_size_phone=&#8220;26px&#8220; header_font_size_last_edited=&#8220;on|phone&#8220; header_2_font_size_tablet=&#8220;55px&#8220; header_2_font_size_phone=&#8220;36px&#8220; header_2_font_size_last_edited=&#8220;on|phone&#8220; global_colors_info=&#8220;{}&#8220;]<\/p>\n<h2>Kosmetik<\/h2>\n<h1>G\u00f6nnen Sie sich den Luxus unserer Premium-Kosmetik<\/h1>\n<p>[\/et_pb_text][\/et_pb_column][\/et_pb_row][\/et_pb_section][et_pb_section fb_built=&#8220;1&#8243; _builder_version=&#8220;4.24.3&#8243; _module_preset=&#8220;default&#8220; background_enable_image=&#8220;off&#8220; background_size=&#8220;custom&#8220; background_image_width=&#8220;10%&#8220; custom_padding=&#8220;||||false|false&#8220; global_colors_info=&#8220;{}&#8220;][et_pb_row make_equal=&#8220;on&#8220; _builder_version=&#8220;4.24.3&#8243; _module_preset=&#8220;default&#8220; locked=&#8220;off&#8220; global_colors_info=&#8220;{}&#8220;][et_pb_column type=&#8220;4_4&#8243; module_class=&#8220;ds-vertical-align &#8220; _builder_version=&#8220;4.24.3&#8243; _module_preset=&#8220;default&#8220; global_colors_info=&#8220;{}&#8220;][et_pb_text _builder_version=&#8220;4.24.3&#8243; _module_preset=&#8220;default&#8220; text_font_size=&#8220;26px&#8220; text_line_height=&#8220;1.4em&#8220; header_2_text_color=&#8220;#474C24&#8243; header_2_font_size=&#8220;40px&#8220; header_2_line_height=&#8220;1.3em&#8220; custom_margin=&#8220;9px||15px|||&#8220; text_font_size_tablet=&#8220;26px&#8220; text_font_size_phone=&#8220;23px&#8220; text_font_size_last_edited=&#8220;on|phone&#8220; header_2_font_size_tablet=&#8220;40px&#8220; header_2_font_size_phone=&#8220;30px&#8220; header_2_font_size_last_edited=&#8220;on|phone&#8220; global_colors_info=&#8220;{}&#8220;]<\/p>\n<h2>Mit Sorgfalt entwickelt, um Ihre nat\u00fcrliche Sch\u00f6nheit zu unterstreichen. <\/h2>\n<p>[\/et_pb_text][et_pb_text _builder_version=&#8220;4.24.3&#8243; _module_preset=&#8220;default&#8220; text_font=&#8220;||||||||&#8220; text_font_size=&#8220;18px&#8220; text_line_height=&#8220;1.5em&#8220; global_colors_info=&#8220;{}&#8220;]Von unverzichtbaren Hautpflegeprodukten bis hin zu Must-have-Make-up \u2013 unsere Kosmetik wird mit den feinsten Inhaltsstoffen formuliert, um beeindruckende Ergebnisse zu erzielen.[\/et_pb_text][\/et_pb_column][\/et_pb_row][et_pb_row _builder_version=&#8220;4.24.3&#8243; _module_preset=&#8220;default&#8220; custom_padding=&#8220;||||false|false&#8220; global_colors_info=&#8220;{}&#8220;][et_pb_column type=&#8220;4_4&#8243; module_class=&#8220;ds-vertical-align &#8220; _builder_version=&#8220;4.24.3&#8243; _module_preset=&#8220;default&#8220; global_colors_info=&#8220;{}&#8220;][et_pb_filterable_portfolio fullwidth=&#8220;off&#8220; posts_number=&#8220;50&#8243; include_categories=&#8220;19,20,18&#8243; _builder_version=&#8220;4.24.3&#8243; _module_preset=&#8220;default&#8220; locked=&#8220;off&#8220; global_colors_info=&#8220;{}&#8220;][\/et_pb_filterable_portfolio][\/et_pb_column][\/et_pb_row][\/et_pb_section][et_pb_section fb_built=&#8220;1&#8243; _builder_version=&#8220;4.24.3&#8243; _module_preset=&#8220;default&#8220; background_image=&#8220;https:\/\/herablend.com\/wp-content\/uploads\/2024\/05\/cosmetic-2357981_1920.jpg&#8220; parallax=&#8220;on&#8220; global_colors_info=&#8220;{}&#8220;][et_pb_row _builder_version=&#8220;4.24.3&#8243; _module_preset=&#8220;default&#8220; global_colors_info=&#8220;{}&#8220;][et_pb_column type=&#8220;4_4&#8243; _builder_version=&#8220;4.24.3&#8243; _module_preset=&#8220;default&#8220; global_colors_info=&#8220;{}&#8220;][et_pb_cta title=&#8220;Schnell. Flexibel. Zuverl\u00e4ssig. Ihr idealer Fertigungspartner   &#8220; button_url=&#8220;https:\/\/herablend.com\/request-a-quote\/&#8220; button_text=&#8220;Starten Sie jetzt Ihr Projekt \u2013 Fordern Sie ein Angebot an!&#8220; _builder_version=&#8220;4.24.3&#8243; _module_preset=&#8220;default&#8220; header_font=&#8220;|700|||||||&#8220; header_text_color=&#8220;#FFFFFF&#8220; header_font_size=&#8220;32px&#8220; body_text_color=&#8220;#FFFFFF&#8220; custom_button=&#8220;on&#8220; button_text_color=&#8220;#D4AF37&#8243; button_bg_color=&#8220;#FFFFFF&#8220; button_alignment=&#8220;center&#8220; button_custom_padding=&#8220;20px|20px|20px|20px|true|true&#8220; hover_enabled=&#8220;0&#8243; global_colors_info=&#8220;{}&#8220; header_font_size_phone=&#8220;24px&#8220; header_font_size_last_edited=&#8220;on|phone&#8220; custom_padding_last_edited=&#8220;on|phone&#8220; custom_padding_phone=&#8220;|10px||10px|false|true&#8220; sticky_enabled=&#8220;0&#8243; header_font_size_tablet=&#8220;32px&#8220;]<\/p>\n<h3>Von der Konzeption bis zur Fertigstellung \u2013 wir haben alles f\u00fcr Sie<\/h3>\n<p>Kurze Durchlaufzeiten<br \/>Skalierbare Produktionsvolumen<br \/>Ma\u00dfgeschneiderte L\u00f6sungen<\/p>\n<p>[\/et_pb_cta][\/et_pb_column][\/et_pb_row][\/et_pb_section][et_pb_section fb_built=&#8220;1&#8243; _builder_version=&#8220;4.24.3&#8243; _module_preset=&#8220;default&#8220; background_enable_color=&#8220;off&#8220; custom_padding=&#8220;29px|||||&#8220; global_colors_info=&#8220;{}&#8220;][et_pb_row column_structure=&#8220;1_3,1_3,1_3&#8243; _builder_version=&#8220;4.24.3&#8243; _module_preset=&#8220;default&#8220; custom_padding=&#8220;8px|||||&#8220; locked=&#8220;off&#8220; global_colors_info=&#8220;{}&#8220;][et_pb_column type=&#8220;1_3&#8243; module_class=&#8220;ds-vertical-align &#8220; _builder_version=&#8220;4.24.3&#8243; _module_preset=&#8220;default&#8220; global_colors_info=&#8220;{}&#8220;][et_pb_blurb title=&#8220;Qualit\u00e4tssicherung&#8220; use_icon=&#8220;on&#8220; font_icon=&#8220;&#xf0a3;||fa||900&#8243; image_icon_width=&#8220;45px&#8220; icon_alignment=&#8220;left&#8220; _builder_version=&#8220;4.24.3&#8243; _module_preset=&#8220;default&#8220; header_level=&#8220;h2&#8243; header_font_size=&#8220;27px&#8220; image_icon_custom_margin=&#8220;30px||||false|false&#8220; custom_margin=&#8220;0px||26px||false|false&#8220; custom_padding=&#8220;0px||||false|false&#8220; locked=&#8220;off&#8220; global_colors_info=&#8220;{}&#8220;]<\/p>\n<p><span>Sie k\u00f6nnen sich darauf verlassen, dass unsere Nahrungserg\u00e4nzungsmittel ausschlie\u00dflich aus den feinsten Inhaltsstoffen von vertrauensw\u00fcrdigen Lieferanten hergestellt werden. Unser Engagement f\u00fcr Qualit\u00e4t und Sicherheit gew\u00e4hrleistet, dass jedes Produkt den h\u00f6chsten Industriestandards entspricht. <\/span><\/p>\n<p>[\/et_pb_blurb][\/et_pb_column][et_pb_column type=&#8220;1_3&#8243; module_class=&#8220;ds-vertical-align &#8220; _builder_version=&#8220;4.24.3&#8243; _module_preset=&#8220;default&#8220; global_colors_info=&#8220;{}&#8220;][et_pb_blurb title=&#8220;Gesundheitliche Vorteile:&#8220; use_icon=&#8220;on&#8220; font_icon=&#8220;&#xf21e;||fa||900&#8243; image_icon_width=&#8220;45px&#8220; icon_alignment=&#8220;left&#8220; _builder_version=&#8220;4.24.3&#8243; _module_preset=&#8220;default&#8220; header_level=&#8220;h2&#8243; header_font_size=&#8220;27px&#8220; image_icon_custom_margin=&#8220;30px||||false|false&#8220; custom_margin=&#8220;0px||26px||false|false&#8220; custom_padding=&#8220;0px||||false|false&#8220; global_colors_info=&#8220;{}&#8220;]<\/p>\n<p><span>Ob Sie Ihr Immunsystem st\u00e4rken, Ihr Energieniveau verbessern oder Ihre allgemeine Vitalit\u00e4t unterst\u00fctzen m\u00f6chten \u2013 unsere Nahrungserg\u00e4nzungsmittel sind darauf ausgelegt, Ihnen zu helfen, von innen heraus bestens auszusehen und sich bestens zu f\u00fchlen.<\/span><\/p>\n<p>[\/et_pb_blurb][\/et_pb_column][et_pb_column type=&#8220;1_3&#8243; module_class=&#8220;ds-vertical-align &#8220; _builder_version=&#8220;4.24.3&#8243; _module_preset=&#8220;default&#8220; global_colors_info=&#8220;{}&#8220;][et_pb_blurb title=&#8220;Individuelle L\u00f6sungen: &#8220; use_icon=&#8220;on&#8220; font_icon=&#8220;&#xf185;||fa||900&#8243; image_icon_width=&#8220;45px&#8220; icon_alignment=&#8220;left&#8220; _builder_version=&#8220;4.24.3&#8243; _module_preset=&#8220;default&#8220; header_level=&#8220;h2&#8243; header_font_size=&#8220;27px&#8220; image_icon_custom_margin=&#8220;30px||||false|false&#8220; custom_margin=&#8220;0px||26px||false|false&#8220; custom_padding=&#8220;0px||||false|false&#8220; locked=&#8220;off&#8220; global_colors_info=&#8220;{}&#8220;]<\/p>\n<p><span>Wir bieten ma\u00dfgeschneiderte Formulierungsdienstleistungen, um Ihre spezifischen Anforderungen und Pr\u00e4ferenzen zu erf\u00fcllen. Ob Sie Fitnessbegeisterter, vielbesch\u00e4ftigter Berufst\u00e4tiger oder gesundheitsbewusster Mensch sind \u2013 wir haben das perfekte Nahrungserg\u00e4nzungsmittel f\u00fcr Sie. <\/span><\/p>\n<p>[\/et_pb_blurb][\/et_pb_column][\/et_pb_row][\/et_pb_section][et_pb_section fb_built=&#8220;1&#8243; _builder_version=&#8220;4.24.3&#8243; _module_preset=&#8220;default&#8220; use_background_color_gradient=&#8220;on&#8220; background_color_gradient_type=&#8220;circular&#8220; background_color_gradient_stops=&#8220;#ffffff 0%|rgba(212,175,55,0) 100%&#8220; background_color_gradient_overlays_image=&#8220;on&#8220; background_image=&#8220;https:\/\/herablend.com\/wp-content\/uploads\/2024\/04\/DSC_2117.jpg&#8220; custom_padding=&#8220;49px||43px|||&#8220; global_module=&#8220;238&#8243; saved_tabs=&#8220;all&#8220; global_colors_info=&#8220;{}&#8220;][et_pb_row use_custom_gutter=&#8220;on&#8220; gutter_width=&#8220;2&#8243; make_equal=&#8220;on&#8220; _builder_version=&#8220;4.24.3&#8243; _module_preset=&#8220;default&#8220; width=&#8220;90%&#8220; width_tablet=&#8220;80%&#8220; width_phone=&#8220;&#8220; width_last_edited=&#8220;on|tablet&#8220; custom_padding=&#8220;||16px|||&#8220; locked=&#8220;off&#8220; global_colors_info=&#8220;{}&#8220;][et_pb_column type=&#8220;4_4&#8243; module_class=&#8220;ds-vertical-align &#8220; _builder_version=&#8220;4.24.3&#8243; _module_preset=&#8220;default&#8220; global_colors_info=&#8220;{}&#8220;][et_pb_text _builder_version=&#8220;4.24.3&#8243; _module_preset=&#8220;default&#8220; header_2_font=&#8220;|700|||||||&#8220; header_2_text_color=&#8220;#474C24&#8243; header_2_font_size=&#8220;31px&#8220; header_2_line_height=&#8220;1.3em&#8220; text_orientation=&#8220;center&#8220; custom_margin=&#8220;||15px|||&#8220; header_2_font_size_tablet=&#8220;&#8220; header_2_font_size_phone=&#8220;26px&#8220; header_2_font_size_last_edited=&#8220;on|phone&#8220; global_colors_info=&#8220;{}&#8220;]<\/p>\n<h2>WIR DENKEN F\u00dcR SIE VORAUS!<\/h2>\n<p>[\/et_pb_text][et_pb_text _builder_version=&#8220;4.24.3&#8243; _module_preset=&#8220;default&#8220; header_3_font=&#8220;|700|||||||&#8220; header_3_line_height=&#8220;1.2em&#8220; text_orientation=&#8220;center&#8220; global_colors_info=&#8220;{}&#8220;]<\/p>\n<h3>Mehr als 450.000 zufriedene Endverbraucher. Werden Sie unser Partner und k\u00fcmmern Sie sich um Ihre Kunden. Innovative Inhaltsstoffe f\u00fcr die Zukunft.  <\/h3>\n<p>[\/et_pb_text][et_pb_button button_url=&#8220;https:\/\/herablend.com\/de\/kontakt\/&#8220; button_text=&#8220;Kontakt&#8220; button_alignment=&#8220;center&#8220; _builder_version=&#8220;4.24.3&#8243; _module_preset=&#8220;default&#8220; custom_button=&#8220;on&#8220; button_text_size=&#8220;17px&#8220; button_text_color=&#8220;#FFFFFF&#8220; button_bg_color=&#8220;#D4AF37&#8243; button_border_color=&#8220;#D4AF37&#8243; button_font=&#8220;||||||||&#8220; button_use_icon=&#8220;off&#8220; background_layout=&#8220;dark&#8220; custom_padding=&#8220;|30px||30px|false|true&#8220; custom_padding_tablet=&#8220;&#8220; custom_padding_phone=&#8220;||||false|true&#8220; custom_padding_last_edited=&#8220;on|phone&#8220; button_text_size_tablet=&#8220;&#8220; button_text_size_phone=&#8220;16px&#8220; button_text_size_last_edited=&#8220;on|phone&#8220; global_colors_info=&#8220;{}&#8220; button_bg_color__hover=&#8220;#474C24&#8243; button_bg_color__hover_enabled=&#8220;on|hover&#8220; button_border_color__hover=&#8220;#474C24&#8243; button_border_color__hover_enabled=&#8220;on|hover&#8220;][\/et_pb_button][\/et_pb_column][\/et_pb_row][\/et_pb_section][et_pb_section fb_built=&#8220;1&#8243; _builder_version=&#8220;4.24.3&#8243; _module_preset=&#8220;default&#8220; background_color=&#8220;#474C24&#8243; custom_padding=&#8220;46px||42px|||&#8220; global_module=&#8220;721&#8243; saved_tabs=&#8220;all&#8220; global_colors_info=&#8220;{}&#8220;][et_pb_row column_structure=&#8220;1_5,1_5,1_5,1_5,1_5&#8243; _builder_version=&#8220;4.24.3&#8243; _module_preset=&#8220;default&#8220; custom_padding=&#8220;34px||0px|||&#8220; global_colors_info=&#8220;{}&#8220;][et_pb_column type=&#8220;1_5&#8243; _builder_version=&#8220;4.24.3&#8243; _module_preset=&#8220;default&#8220; global_colors_info=&#8220;{}&#8220;][et_pb_image src=&#8220;https:\/\/herablend.com\/wp-content\/uploads\/2024\/04\/cropped-logo-social.png&#8220; title_text=&#8220;cropped-logo-social.png&#8220; _builder_version=&#8220;4.24.3&#8243; _module_preset=&#8220;default&#8220; background_color=&#8220;#FFFFFF&#8220; width=&#8220;180px&#8220; global_colors_info=&#8220;{}&#8220;][\/et_pb_image][\/et_pb_column][et_pb_column type=&#8220;1_5&#8243; _builder_version=&#8220;4.24.3&#8243; _module_preset=&#8220;default&#8220; global_colors_info=&#8220;{}&#8220;][et_pb_text _builder_version=&#8220;4.24.3&#8243; _module_preset=&#8220;default&#8220; text_text_color=&#8220;#FFFFFF&#8220; header_3_font=&#8220;|||on|||||&#8220; header_3_line_height=&#8220;1.2em&#8220; background_layout=&#8220;dark&#8220; custom_margin=&#8220;||||false|false&#8220; locked=&#8220;off&#8220; global_colors_info=&#8220;{}&#8220;]<\/p>\n<h3>Hera Blend<\/h3>\n<p><span style=\"font-weight: 400;\">Die spezialisierten White-Label- und Private-Label-Dienstleistungen <\/span><span style=\"font-weight: 400;\">von Olium d.o.o.<\/span><\/p>\n<p>WHITE LABEL UND PRIVATE NISCHEN-NAHRUNGSERG\u00c4NZUNGSMITTEL<\/p>\n<p>[\/et_pb_text][et_pb_image src=&#8220;https:\/\/herablend.com\/wp-content\/uploads\/2024\/05\/certificates.jpg&#8220; title_text=&#8220;Zertifikate&#8220; _builder_version=&#8220;4.24.3&#8243; _module_preset=&#8220;default&#8220; global_colors_info=&#8220;{}&#8220;][\/et_pb_image][\/et_pb_column][et_pb_column type=&#8220;1_5&#8243; _builder_version=&#8220;4.24.3&#8243; _module_preset=&#8220;default&#8220; global_colors_info=&#8220;{}&#8220;][et_pb_text _builder_version=&#8220;4.24.3&#8243; _module_preset=&#8220;default&#8220; text_text_color=&#8220;#FFFFFF&#8220; header_3_line_height=&#8220;1.2em&#8220; background_layout=&#8220;dark&#8220; custom_margin=&#8220;||||false|false&#8220; custom_padding=&#8220;|||20%|false|false&#8220; custom_padding_tablet=&#8220;|||0%|false|false&#8220; custom_padding_phone=&#8220;&#8220; custom_padding_last_edited=&#8220;on|tablet&#8220; global_colors_info=&#8220;{}&#8220;]<\/p>\n<h3><a href=\"\/\"><span>Startseite <\/span><\/a><br \/><a href=\"https:\/\/herablend.com\/services\/\"><span>Dienstleistungen<\/span><\/a><br \/><a href=\"https:\/\/herablend.com\/de\/produkte\/\"><span>Produkte<\/span><\/a><br \/><a href=\"https:\/\/herablend.com\/de\/blog\/\"><span>Blog<\/span><\/a><br \/><a href=\"https:\/\/herablend.com\/de\/ueber-uns\/\"><span>\u00dcber uns<\/span><\/a><br \/><a href=\"https:\/\/herablend.com\/de\/kontakt\/\"><span>Kontakt<\/span><\/a><br \/><a href=\"https:\/\/herablend.com\/wp-content\/uploads\/2024\/05\/4694-Certifikat-24.pdf\"><span>Unsere Zertifikate<\/span><\/a><\/h3>\n<p>[\/et_pb_text][\/et_pb_column][et_pb_column type=&#8220;1_5&#8243; _builder_version=&#8220;4.24.3&#8243; _module_preset=&#8220;default&#8220; global_colors_info=&#8220;{}&#8220;][et_pb_image src=&#8220;https:\/\/herablend.com\/wp-content\/uploads\/2024\/05\/olium-logo.png&#8220; title_text=&#8220;olium-logo&#8220; align=&#8220;center&#8220; _builder_version=&#8220;4.24.3&#8243; _module_preset=&#8220;default&#8220; global_colors_info=&#8220;{}&#8220;][\/et_pb_image][\/et_pb_column][et_pb_column type=&#8220;1_5&#8243; _builder_version=&#8220;4.24.3&#8243; _module_preset=&#8220;default&#8220; global_colors_info=&#8220;{}&#8220;][et_pb_text _builder_version=&#8220;4.24.3&#8243; _module_preset=&#8220;default&#8220; text_text_color=&#8220;#FFFFFF&#8220; header_3_font_size=&#8220;18px&#8220; header_3_line_height=&#8220;1.4em&#8220; background_layout=&#8220;dark&#8220; custom_margin=&#8220;||||false|false&#8220; locked=&#8220;off&#8220; global_colors_info=&#8220;{}&#8220;]<\/p>\n<h3>Vanganelska cesta 26,<br \/>6000 Koper<br \/>Slowenien EU<\/h3>\n<h4>E-Mail: <a href=\"mailto:info@herablend.com\">info@herablend.com<\/a><\/h4>\n<h4>Mobil: +386 30 440 742<\/h4>\n<h4><\/h4>\n<p>[\/et_pb_text][\/et_pb_column][\/et_pb_row][\/et_pb_section]<\/p>\n","protected":false},"excerpt":{"rendered":"<p>Kosmetik G\u00f6nnen Sie sich den Luxus unserer Premium-KosmetikMit Sorgfalt entwickelt, um Ihre nat\u00fcrliche Sch\u00f6nheit zu unterstreichen. Von unverzichtbaren Hautpflegeprodukten bis hin zu Must-have-Make-up \u2013 unsere Kosmetik wird mit den feinsten Inhaltsstoffen formuliert, um beeindruckende Ergebnisse zu erzielen.Von der Konzeption bis zur Fertigstellung \u2013 wir haben alles f\u00fcr Sie Kurze DurchlaufzeitenSkalierbare ProduktionsvolumenMa\u00dfgeschneiderte L\u00f6sungenSie k\u00f6nnen sich darauf [&hellip;]<\/p>\n","protected":false},"author":2,"featured_media":0,"parent":1599,"menu_order":0,"comment_status":"closed","ping_status":"closed","template":"","meta":{"_et_pb_use_builder":"on","_et_pb_old_content":"","_et_gb_content_width":"","footnotes":""},"class_list":["post-1603","page","type-page","status-publish","hentry"],"yoast_head":"<!-- This site is optimized with the Yoast SEO plugin v26.9 - https:\/\/yoast.com\/product\/yoast-seo-wordpress\/ -->\n<title>Kosmetik - Hera Blend<\/title>\n<meta name=\"robots\" content=\"index, follow, max-snippet:-1, max-image-preview:large, max-video-preview:-1\" \/>\n<link rel=\"canonical\" href=\"https:\/\/herablend.com\/de\/produkte\/kosmetik\/\" \/>\n<meta property=\"og:locale\" content=\"de_DE\" \/>\n<meta property=\"og:type\" content=\"article\" \/>\n<meta property=\"og:title\" content=\"Kosmetik - Hera Blend\" \/>\n<meta property=\"og:description\" content=\"Kosmetik G\u00f6nnen Sie sich den Luxus unserer Premium-KosmetikMit Sorgfalt entwickelt, um Ihre nat\u00fcrliche Sch\u00f6nheit zu unterstreichen. Von unverzichtbaren Hautpflegeprodukten bis hin zu Must-have-Make-up \u2013 unsere Kosmetik wird mit den feinsten Inhaltsstoffen formuliert, um beeindruckende Ergebnisse zu erzielen.Von der Konzeption bis zur Fertigstellung \u2013 wir haben alles f\u00fcr Sie Kurze DurchlaufzeitenSkalierbare ProduktionsvolumenMa\u00dfgeschneiderte L\u00f6sungenSie k\u00f6nnen sich darauf [&hellip;]\" \/>\n<meta property=\"og:url\" content=\"https:\/\/herablend.com\/de\/produkte\/kosmetik\/\" \/>\n<meta property=\"og:site_name\" content=\"Hera Blend\" \/>\n<meta property=\"article:modified_time\" content=\"2026-03-19T09:26:47+00:00\" \/>\n<meta name=\"twitter:card\" content=\"summary_large_image\" \/>\n<meta name=\"twitter:label1\" content=\"Gesch\u00e4tzte Lesezeit\" \/>\n\t<meta name=\"twitter:data1\" content=\"8\u00a0Minuten\" \/>\n<script type=\"application\/ld+json\" class=\"yoast-schema-graph\">{\"@context\":\"https:\/\/schema.org\",\"@graph\":[{\"@type\":\"WebPage\",\"@id\":\"https:\/\/herablend.com\/de\/produkte\/kosmetik\/\",\"url\":\"https:\/\/herablend.com\/de\/produkte\/kosmetik\/\",\"name\":\"Kosmetik - Hera Blend\",\"isPartOf\":{\"@id\":\"https:\/\/herablend.com\/de\/#website\"},\"datePublished\":\"2024-04-04T12:23:42+00:00\",\"dateModified\":\"2026-03-19T09:26:47+00:00\",\"breadcrumb\":{\"@id\":\"https:\/\/herablend.com\/de\/produkte\/kosmetik\/#breadcrumb\"},\"inLanguage\":\"de\",\"potentialAction\":[{\"@type\":\"ReadAction\",\"target\":[\"https:\/\/herablend.com\/de\/produkte\/kosmetik\/\"]}]},{\"@type\":\"BreadcrumbList\",\"@id\":\"https:\/\/herablend.com\/de\/produkte\/kosmetik\/#breadcrumb\",\"itemListElement\":[{\"@type\":\"ListItem\",\"position\":1,\"name\":\"Home\",\"item\":\"https:\/\/herablend.com\/de\/startseite\/\"},{\"@type\":\"ListItem\",\"position\":2,\"name\":\"Produkte\",\"item\":\"https:\/\/herablend.com\/de\/produkte\/\"},{\"@type\":\"ListItem\",\"position\":3,\"name\":\"Kosmetik\"}]},{\"@type\":\"WebSite\",\"@id\":\"https:\/\/herablend.com\/de\/#website\",\"url\":\"https:\/\/herablend.com\/de\/\",\"name\":\"Hera Blend\",\"description\":\"Private and white label tablets and food supplements\",\"publisher\":{\"@id\":\"https:\/\/herablend.com\/de\/#organization\"},\"potentialAction\":[{\"@type\":\"SearchAction\",\"target\":{\"@type\":\"EntryPoint\",\"urlTemplate\":\"https:\/\/herablend.com\/de\/?s={search_term_string}\"},\"query-input\":{\"@type\":\"PropertyValueSpecification\",\"valueRequired\":true,\"valueName\":\"search_term_string\"}}],\"inLanguage\":\"de\"},{\"@type\":\"Organization\",\"@id\":\"https:\/\/herablend.com\/de\/#organization\",\"name\":\"Hera Blend\",\"url\":\"https:\/\/herablend.com\/de\/\",\"logo\":{\"@type\":\"ImageObject\",\"inLanguage\":\"de\",\"@id\":\"https:\/\/herablend.com\/de\/#\/schema\/logo\/image\/\",\"url\":\"https:\/\/herablend.com\/wp-content\/uploads\/2024\/06\/logo-web-hera-solutions-handwriting.png\",\"contentUrl\":\"https:\/\/herablend.com\/wp-content\/uploads\/2024\/06\/logo-web-hera-solutions-handwriting.png\",\"width\":1096,\"height\":363,\"caption\":\"Hera Blend\"},\"image\":{\"@id\":\"https:\/\/herablend.com\/de\/#\/schema\/logo\/image\/\"}}]}<\/script>\n<!-- \/ Yoast SEO plugin. -->","yoast_head_json":{"title":"Kosmetik - Hera Blend","robots":{"index":"index","follow":"follow","max-snippet":"max-snippet:-1","max-image-preview":"max-image-preview:large","max-video-preview":"max-video-preview:-1"},"canonical":"https:\/\/herablend.com\/de\/produkte\/kosmetik\/","og_locale":"de_DE","og_type":"article","og_title":"Kosmetik - Hera Blend","og_description":"Kosmetik G\u00f6nnen Sie sich den Luxus unserer Premium-KosmetikMit Sorgfalt entwickelt, um Ihre nat\u00fcrliche Sch\u00f6nheit zu unterstreichen. Von unverzichtbaren Hautpflegeprodukten bis hin zu Must-have-Make-up \u2013 unsere Kosmetik wird mit den feinsten Inhaltsstoffen formuliert, um beeindruckende Ergebnisse zu erzielen.Von der Konzeption bis zur Fertigstellung \u2013 wir haben alles f\u00fcr Sie Kurze DurchlaufzeitenSkalierbare ProduktionsvolumenMa\u00dfgeschneiderte L\u00f6sungenSie k\u00f6nnen sich darauf [&hellip;]","og_url":"https:\/\/herablend.com\/de\/produkte\/kosmetik\/","og_site_name":"Hera Blend","article_modified_time":"2026-03-19T09:26:47+00:00","twitter_card":"summary_large_image","twitter_misc":{"Gesch\u00e4tzte Lesezeit":"8\u00a0Minuten"},"schema":{"@context":"https:\/\/schema.org","@graph":[{"@type":"WebPage","@id":"https:\/\/herablend.com\/de\/produkte\/kosmetik\/","url":"https:\/\/herablend.com\/de\/produkte\/kosmetik\/","name":"Kosmetik - Hera Blend","isPartOf":{"@id":"https:\/\/herablend.com\/de\/#website"},"datePublished":"2024-04-04T12:23:42+00:00","dateModified":"2026-03-19T09:26:47+00:00","breadcrumb":{"@id":"https:\/\/herablend.com\/de\/produkte\/kosmetik\/#breadcrumb"},"inLanguage":"de","potentialAction":[{"@type":"ReadAction","target":["https:\/\/herablend.com\/de\/produkte\/kosmetik\/"]}]},{"@type":"BreadcrumbList","@id":"https:\/\/herablend.com\/de\/produkte\/kosmetik\/#breadcrumb","itemListElement":[{"@type":"ListItem","position":1,"name":"Home","item":"https:\/\/herablend.com\/de\/startseite\/"},{"@type":"ListItem","position":2,"name":"Produkte","item":"https:\/\/herablend.com\/de\/produkte\/"},{"@type":"ListItem","position":3,"name":"Kosmetik"}]},{"@type":"WebSite","@id":"https:\/\/herablend.com\/de\/#website","url":"https:\/\/herablend.com\/de\/","name":"Hera Blend","description":"Private and white label tablets and food supplements","publisher":{"@id":"https:\/\/herablend.com\/de\/#organization"},"potentialAction":[{"@type":"SearchAction","target":{"@type":"EntryPoint","urlTemplate":"https:\/\/herablend.com\/de\/?s={search_term_string}"},"query-input":{"@type":"PropertyValueSpecification","valueRequired":true,"valueName":"search_term_string"}}],"inLanguage":"de"},{"@type":"Organization","@id":"https:\/\/herablend.com\/de\/#organization","name":"Hera Blend","url":"https:\/\/herablend.com\/de\/","logo":{"@type":"ImageObject","inLanguage":"de","@id":"https:\/\/herablend.com\/de\/#\/schema\/logo\/image\/","url":"https:\/\/herablend.com\/wp-content\/uploads\/2024\/06\/logo-web-hera-solutions-handwriting.png","contentUrl":"https:\/\/herablend.com\/wp-content\/uploads\/2024\/06\/logo-web-hera-solutions-handwriting.png","width":1096,"height":363,"caption":"Hera Blend"},"image":{"@id":"https:\/\/herablend.com\/de\/#\/schema\/logo\/image\/"}}]}},"_links":{"self":[{"href":"https:\/\/herablend.com\/de\/wp-json\/wp\/v2\/pages\/1603","targetHints":{"allow":["GET"]}}],"collection":[{"href":"https:\/\/herablend.com\/de\/wp-json\/wp\/v2\/pages"}],"about":[{"href":"https:\/\/herablend.com\/de\/wp-json\/wp\/v2\/types\/page"}],"author":[{"embeddable":true,"href":"https:\/\/herablend.com\/de\/wp-json\/wp\/v2\/users\/2"}],"replies":[{"embeddable":true,"href":"https:\/\/herablend.com\/de\/wp-json\/wp\/v2\/comments?post=1603"}],"version-history":[{"count":2,"href":"https:\/\/herablend.com\/de\/wp-json\/wp\/v2\/pages\/1603\/revisions"}],"predecessor-version":[{"id":1605,"href":"https:\/\/herablend.com\/de\/wp-json\/wp\/v2\/pages\/1603\/revisions\/1605"}],"up":[{"embeddable":true,"href":"https:\/\/herablend.com\/de\/wp-json\/wp\/v2\/pages\/1599"}],"wp:attachment":[{"href":"https:\/\/herablend.com\/de\/wp-json\/wp\/v2\/media?parent=1603"}],"curies":[{"name":"wp","href":"https:\/\/api.w.org\/{rel}","templated":true}]}}