{"id":1619,"date":"2025-04-03T09:28:58","date_gmt":"2025-04-03T07:28:58","guid":{"rendered":"https:\/\/herablend.com\/vielen-dank\/"},"modified":"2026-03-19T10:38:36","modified_gmt":"2026-03-19T09:38:36","slug":"vielen-dank","status":"publish","type":"page","link":"https:\/\/herablend.com\/de\/vielen-dank\/","title":{"rendered":"Vielen Dank"},"content":{"rendered":"<p>[et_pb_section fb_built=&#8220;1&#8243; _builder_version=&#8220;4.24.3&#8243; _module_preset=&#8220;default&#8220; background_enable_image=&#8220;off&#8220; background_size=&#8220;custom&#8220; background_image_width=&#8220;10%&#8220; custom_padding=&#8220;128px||128px||true|&#8220; global_colors_info=&#8220;{}&#8220;][et_pb_row make_equal=&#8220;on&#8220; _builder_version=&#8220;4.24.3&#8243; _module_preset=&#8220;default&#8220; global_colors_info=&#8220;{}&#8220;][et_pb_column type=&#8220;4_4&#8243; module_class=&#8220;ds-vertical-align &#8220; _builder_version=&#8220;4.24.3&#8243; _module_preset=&#8220;default&#8220; global_colors_info=&#8220;{}&#8220;][et_pb_text _builder_version=&#8220;4.24.3&#8243; _module_preset=&#8220;default&#8220; text_font_size=&#8220;26px&#8220; text_line_height=&#8220;1.4em&#8220; header_2_text_color=&#8220;#474C24&#8243; header_2_font_size=&#8220;40px&#8220; header_2_line_height=&#8220;1.3em&#8220; custom_margin=&#8220;9px||15px|||&#8220; text_font_size_tablet=&#8220;26px&#8220; text_font_size_phone=&#8220;23px&#8220; text_font_size_last_edited=&#8220;on|phone&#8220; header_2_font_size_tablet=&#8220;40px&#8220; header_2_font_size_phone=&#8220;30px&#8220; header_2_font_size_last_edited=&#8220;on|phone&#8220; global_colors_info=&#8220;{}&#8220;]<\/p>\n<h2><span>Vielen Dank!<\/span><\/h2>\n<p>[\/et_pb_text][et_pb_text _builder_version=&#8220;4.24.3&#8243; _module_preset=&#8220;default&#8220; text_font=&#8220;||||||||&#8220; text_font_size=&#8220;18px&#8220; text_line_height=&#8220;1.5em&#8220; header_2_font_size=&#8220;24px&#8220; global_colors_info=&#8220;{}&#8220;]Wir haben Ihre Nachricht erhalten und werden uns so schnell wie m\u00f6glich bei Ihnen melden. In der Zwischenzeit k\u00f6nnen Sie gerne unsere Website besuchen, um weitere Informationen zu erhalten. Wir danken Ihnen f\u00fcr Ihr Interesse und freuen uns darauf, mit Ihnen in Kontakt zu treten![\/et_pb_text][\/et_pb_column][\/et_pb_row][\/et_pb_section][et_pb_section fb_built=&#8220;1&#8243; _builder_version=&#8220;4.24.3&#8243; _module_preset=&#8220;default&#8220; background_color=&#8220;#474C24&#8243; custom_padding=&#8220;46px||42px|||&#8220; global_module=&#8220;721&#8243; saved_tabs=&#8220;all&#8220; global_colors_info=&#8220;{}&#8220;][et_pb_row column_structure=&#8220;1_5,1_5,1_5,1_5,1_5&#8243; _builder_version=&#8220;4.24.3&#8243; _module_preset=&#8220;default&#8220; custom_padding=&#8220;34px||0px|||&#8220; global_colors_info=&#8220;{}&#8220;][et_pb_column type=&#8220;1_5&#8243; _builder_version=&#8220;4.24.3&#8243; _module_preset=&#8220;default&#8220; global_colors_info=&#8220;{}&#8220;][et_pb_image src=&#8220;https:\/\/herablend.com\/wp-content\/uploads\/2024\/04\/cropped-logo-social.png&#8220; title_text=&#8220;cropped-logo-social.png&#8220; _builder_version=&#8220;4.24.3&#8243; _module_preset=&#8220;default&#8220; background_color=&#8220;#FFFFFF&#8220; width=&#8220;180px&#8220; global_colors_info=&#8220;{}&#8220;][\/et_pb_image][\/et_pb_column][et_pb_column type=&#8220;1_5&#8243; _builder_version=&#8220;4.24.3&#8243; _module_preset=&#8220;default&#8220; global_colors_info=&#8220;{}&#8220;][et_pb_text _builder_version=&#8220;4.24.3&#8243; _module_preset=&#8220;default&#8220; text_text_color=&#8220;#FFFFFF&#8220; header_3_font=&#8220;|||on|||||&#8220; header_3_line_height=&#8220;1.2em&#8220; background_layout=&#8220;dark&#8220; custom_margin=&#8220;||||false|false&#8220; locked=&#8220;off&#8220; global_colors_info=&#8220;{}&#8220;]<\/p>\n<h3>Hera Blend<\/h3>\n<p><span style=\"font-weight: 400;\">Die spezialisierten White-Label- und Private-Label-Dienstleistungen <\/span><span style=\"font-weight: 400;\">von Olium d.o.o.<\/span><\/p>\n<p>WHITE LABEL UND PRIVATE NISCHEN-NAHRUNGSERG\u00c4NZUNGSMITTEL<\/p>\n<p>[\/et_pb_text][et_pb_image src=&#8220;https:\/\/herablend.com\/wp-content\/uploads\/2024\/05\/certificates.jpg&#8220; title_text=&#8220;Zertifikate&#8220; _builder_version=&#8220;4.24.3&#8243; _module_preset=&#8220;default&#8220; global_colors_info=&#8220;{}&#8220;][\/et_pb_image][\/et_pb_column][et_pb_column type=&#8220;1_5&#8243; _builder_version=&#8220;4.24.3&#8243; _module_preset=&#8220;default&#8220; global_colors_info=&#8220;{}&#8220;][et_pb_text _builder_version=&#8220;4.24.3&#8243; _module_preset=&#8220;default&#8220; text_text_color=&#8220;#FFFFFF&#8220; header_3_line_height=&#8220;1.2em&#8220; background_layout=&#8220;dark&#8220; custom_margin=&#8220;||||false|false&#8220; custom_padding=&#8220;|||20%|false|false&#8220; custom_padding_tablet=&#8220;|||0%|false|false&#8220; custom_padding_phone=&#8220;&#8220; custom_padding_last_edited=&#8220;on|tablet&#8220; global_colors_info=&#8220;{}&#8220;]<\/p>\n<h3><a href=\"\/\"><span>Startseite <\/span><\/a><br \/><a href=\"https:\/\/herablend.com\/services\/\"><span>Dienstleistungen<\/span><\/a><br \/><a href=\"https:\/\/herablend.com\/de\/produkte\/\"><span>Produkte<\/span><\/a><br \/><a href=\"https:\/\/herablend.com\/de\/blog\/\"><span>Blog<\/span><\/a><br \/><a href=\"https:\/\/herablend.com\/de\/ueber-uns\/\"><span>\u00dcber uns<\/span><\/a><br \/><a href=\"https:\/\/herablend.com\/de\/kontakt\/\"><span>Kontakt<\/span><\/a><br \/><a href=\"https:\/\/herablend.com\/wp-content\/uploads\/2024\/05\/4694-Certifikat-24.pdf\"><span>Unsere Zertifikate<\/span><\/a><br \/><a href=\"https:\/\/olium.si\/wp-content\/uploads\/2024\/11\/Olium_HeraBlend-Brochure-2024.pdf\">Brosch\u00fcre<\/a><\/h3>\n<p>[\/et_pb_text][\/et_pb_column][et_pb_column type=&#8220;1_5&#8243; _builder_version=&#8220;4.24.3&#8243; _module_preset=&#8220;default&#8220; global_colors_info=&#8220;{}&#8220;][et_pb_image src=&#8220;https:\/\/herablend.com\/wp-content\/uploads\/2024\/05\/olium-logo.png&#8220; title_text=&#8220;olium-logo&#8220; align=&#8220;center&#8220; _builder_version=&#8220;4.24.3&#8243; _module_preset=&#8220;default&#8220; global_colors_info=&#8220;{}&#8220;][\/et_pb_image][\/et_pb_column][et_pb_column type=&#8220;1_5&#8243; _builder_version=&#8220;4.24.3&#8243; _module_preset=&#8220;default&#8220; global_colors_info=&#8220;{}&#8220;][et_pb_text _builder_version=&#8220;4.24.3&#8243; _module_preset=&#8220;default&#8220; text_text_color=&#8220;#FFFFFF&#8220; header_3_font_size=&#8220;18px&#8220; header_3_line_height=&#8220;1.4em&#8220; background_layout=&#8220;dark&#8220; custom_margin=&#8220;||||false|false&#8220; locked=&#8220;off&#8220; global_colors_info=&#8220;{}&#8220;]<\/p>\n<h3>Vanganelska cesta 26,<br \/>6000 Koper<br \/>Slowenien EU<\/h3>\n<h4>E-Mail: <a href=\"mailto:info@herablend.com\">info@herablend.com<\/a><\/h4>\n<h4>Mobil: +386 30 440 742<\/h4>\n<h4><\/h4>\n<p>[\/et_pb_text][\/et_pb_column][\/et_pb_row][\/et_pb_section]<\/p>\n","protected":false},"excerpt":{"rendered":"<p>Vielen Dank!Wir haben Ihre Nachricht erhalten und werden uns so schnell wie m\u00f6glich bei Ihnen melden. In der Zwischenzeit k\u00f6nnen Sie gerne unsere Website besuchen, um weitere Informationen zu erhalten. Wir danken Ihnen f\u00fcr Ihr Interesse und freuen uns darauf, mit Ihnen in Kontakt zu treten!Hera Blend Die spezialisierten White-Label- und Private-Label-Dienstleistungen von Olium d.o.o. [&hellip;]<\/p>\n","protected":false},"author":2,"featured_media":0,"parent":0,"menu_order":0,"comment_status":"closed","ping_status":"closed","template":"","meta":{"_et_pb_use_builder":"on","_et_pb_old_content":"","_et_gb_content_width":"","footnotes":""},"class_list":["post-1619","page","type-page","status-publish","hentry"],"yoast_head":"<!-- This site is optimized with the Yoast SEO plugin v26.9 - https:\/\/yoast.com\/product\/yoast-seo-wordpress\/ -->\n<title>Vielen Dank - Hera Blend<\/title>\n<meta name=\"robots\" content=\"index, follow, max-snippet:-1, max-image-preview:large, max-video-preview:-1\" \/>\n<link rel=\"canonical\" href=\"https:\/\/herablend.com\/de\/vielen-dank\/\" \/>\n<meta property=\"og:locale\" content=\"de_DE\" \/>\n<meta property=\"og:type\" content=\"article\" \/>\n<meta property=\"og:title\" content=\"Vielen Dank - Hera Blend\" \/>\n<meta property=\"og:description\" content=\"Vielen Dank!Wir haben Ihre Nachricht erhalten und werden uns so schnell wie m\u00f6glich bei Ihnen melden. In der Zwischenzeit k\u00f6nnen Sie gerne unsere Website besuchen, um weitere Informationen zu erhalten. Wir danken Ihnen f\u00fcr Ihr Interesse und freuen uns darauf, mit Ihnen in Kontakt zu treten!Hera Blend Die spezialisierten White-Label- und Private-Label-Dienstleistungen von Olium d.o.o. [&hellip;]\" \/>\n<meta property=\"og:url\" content=\"https:\/\/herablend.com\/de\/vielen-dank\/\" \/>\n<meta property=\"og:site_name\" content=\"Hera Blend\" \/>\n<meta property=\"article:modified_time\" content=\"2026-03-19T09:38:36+00:00\" \/>\n<meta name=\"twitter:card\" content=\"summary_large_image\" \/>\n<meta name=\"twitter:label1\" content=\"Gesch\u00e4tzte Lesezeit\" \/>\n\t<meta name=\"twitter:data1\" content=\"3\u00a0Minuten\" \/>\n<script type=\"application\/ld+json\" class=\"yoast-schema-graph\">{\"@context\":\"https:\/\/schema.org\",\"@graph\":[{\"@type\":\"WebPage\",\"@id\":\"https:\/\/herablend.com\/de\/vielen-dank\/\",\"url\":\"https:\/\/herablend.com\/de\/vielen-dank\/\",\"name\":\"Vielen Dank - Hera Blend\",\"isPartOf\":{\"@id\":\"https:\/\/herablend.com\/de\/#website\"},\"datePublished\":\"2025-04-03T07:28:58+00:00\",\"dateModified\":\"2026-03-19T09:38:36+00:00\",\"breadcrumb\":{\"@id\":\"https:\/\/herablend.com\/de\/vielen-dank\/#breadcrumb\"},\"inLanguage\":\"de\",\"potentialAction\":[{\"@type\":\"ReadAction\",\"target\":[\"https:\/\/herablend.com\/de\/vielen-dank\/\"]}]},{\"@type\":\"BreadcrumbList\",\"@id\":\"https:\/\/herablend.com\/de\/vielen-dank\/#breadcrumb\",\"itemListElement\":[{\"@type\":\"ListItem\",\"position\":1,\"name\":\"Home\",\"item\":\"https:\/\/herablend.com\/de\/startseite\/\"},{\"@type\":\"ListItem\",\"position\":2,\"name\":\"Vielen Dank\"}]},{\"@type\":\"WebSite\",\"@id\":\"https:\/\/herablend.com\/de\/#website\",\"url\":\"https:\/\/herablend.com\/de\/\",\"name\":\"Hera Blend\",\"description\":\"Private and white label tablets and food supplements\",\"publisher\":{\"@id\":\"https:\/\/herablend.com\/de\/#organization\"},\"potentialAction\":[{\"@type\":\"SearchAction\",\"target\":{\"@type\":\"EntryPoint\",\"urlTemplate\":\"https:\/\/herablend.com\/de\/?s={search_term_string}\"},\"query-input\":{\"@type\":\"PropertyValueSpecification\",\"valueRequired\":true,\"valueName\":\"search_term_string\"}}],\"inLanguage\":\"de\"},{\"@type\":\"Organization\",\"@id\":\"https:\/\/herablend.com\/de\/#organization\",\"name\":\"Hera Blend\",\"url\":\"https:\/\/herablend.com\/de\/\",\"logo\":{\"@type\":\"ImageObject\",\"inLanguage\":\"de\",\"@id\":\"https:\/\/herablend.com\/de\/#\/schema\/logo\/image\/\",\"url\":\"https:\/\/herablend.com\/wp-content\/uploads\/2024\/06\/logo-web-hera-solutions-handwriting.png\",\"contentUrl\":\"https:\/\/herablend.com\/wp-content\/uploads\/2024\/06\/logo-web-hera-solutions-handwriting.png\",\"width\":1096,\"height\":363,\"caption\":\"Hera Blend\"},\"image\":{\"@id\":\"https:\/\/herablend.com\/de\/#\/schema\/logo\/image\/\"}}]}<\/script>\n<!-- \/ Yoast SEO plugin. -->","yoast_head_json":{"title":"Vielen Dank - Hera Blend","robots":{"index":"index","follow":"follow","max-snippet":"max-snippet:-1","max-image-preview":"max-image-preview:large","max-video-preview":"max-video-preview:-1"},"canonical":"https:\/\/herablend.com\/de\/vielen-dank\/","og_locale":"de_DE","og_type":"article","og_title":"Vielen Dank - Hera Blend","og_description":"Vielen Dank!Wir haben Ihre Nachricht erhalten und werden uns so schnell wie m\u00f6glich bei Ihnen melden. In der Zwischenzeit k\u00f6nnen Sie gerne unsere Website besuchen, um weitere Informationen zu erhalten. Wir danken Ihnen f\u00fcr Ihr Interesse und freuen uns darauf, mit Ihnen in Kontakt zu treten!Hera Blend Die spezialisierten White-Label- und Private-Label-Dienstleistungen von Olium d.o.o. [&hellip;]","og_url":"https:\/\/herablend.com\/de\/vielen-dank\/","og_site_name":"Hera Blend","article_modified_time":"2026-03-19T09:38:36+00:00","twitter_card":"summary_large_image","twitter_misc":{"Gesch\u00e4tzte Lesezeit":"3\u00a0Minuten"},"schema":{"@context":"https:\/\/schema.org","@graph":[{"@type":"WebPage","@id":"https:\/\/herablend.com\/de\/vielen-dank\/","url":"https:\/\/herablend.com\/de\/vielen-dank\/","name":"Vielen Dank - Hera Blend","isPartOf":{"@id":"https:\/\/herablend.com\/de\/#website"},"datePublished":"2025-04-03T07:28:58+00:00","dateModified":"2026-03-19T09:38:36+00:00","breadcrumb":{"@id":"https:\/\/herablend.com\/de\/vielen-dank\/#breadcrumb"},"inLanguage":"de","potentialAction":[{"@type":"ReadAction","target":["https:\/\/herablend.com\/de\/vielen-dank\/"]}]},{"@type":"BreadcrumbList","@id":"https:\/\/herablend.com\/de\/vielen-dank\/#breadcrumb","itemListElement":[{"@type":"ListItem","position":1,"name":"Home","item":"https:\/\/herablend.com\/de\/startseite\/"},{"@type":"ListItem","position":2,"name":"Vielen Dank"}]},{"@type":"WebSite","@id":"https:\/\/herablend.com\/de\/#website","url":"https:\/\/herablend.com\/de\/","name":"Hera Blend","description":"Private and white label tablets and food supplements","publisher":{"@id":"https:\/\/herablend.com\/de\/#organization"},"potentialAction":[{"@type":"SearchAction","target":{"@type":"EntryPoint","urlTemplate":"https:\/\/herablend.com\/de\/?s={search_term_string}"},"query-input":{"@type":"PropertyValueSpecification","valueRequired":true,"valueName":"search_term_string"}}],"inLanguage":"de"},{"@type":"Organization","@id":"https:\/\/herablend.com\/de\/#organization","name":"Hera Blend","url":"https:\/\/herablend.com\/de\/","logo":{"@type":"ImageObject","inLanguage":"de","@id":"https:\/\/herablend.com\/de\/#\/schema\/logo\/image\/","url":"https:\/\/herablend.com\/wp-content\/uploads\/2024\/06\/logo-web-hera-solutions-handwriting.png","contentUrl":"https:\/\/herablend.com\/wp-content\/uploads\/2024\/06\/logo-web-hera-solutions-handwriting.png","width":1096,"height":363,"caption":"Hera Blend"},"image":{"@id":"https:\/\/herablend.com\/de\/#\/schema\/logo\/image\/"}}]}},"_links":{"self":[{"href":"https:\/\/herablend.com\/de\/wp-json\/wp\/v2\/pages\/1619","targetHints":{"allow":["GET"]}}],"collection":[{"href":"https:\/\/herablend.com\/de\/wp-json\/wp\/v2\/pages"}],"about":[{"href":"https:\/\/herablend.com\/de\/wp-json\/wp\/v2\/types\/page"}],"author":[{"embeddable":true,"href":"https:\/\/herablend.com\/de\/wp-json\/wp\/v2\/users\/2"}],"replies":[{"embeddable":true,"href":"https:\/\/herablend.com\/de\/wp-json\/wp\/v2\/comments?post=1619"}],"version-history":[{"count":2,"href":"https:\/\/herablend.com\/de\/wp-json\/wp\/v2\/pages\/1619\/revisions"}],"predecessor-version":[{"id":1621,"href":"https:\/\/herablend.com\/de\/wp-json\/wp\/v2\/pages\/1619\/revisions\/1621"}],"wp:attachment":[{"href":"https:\/\/herablend.com\/de\/wp-json\/wp\/v2\/media?parent=1619"}],"curies":[{"name":"wp","href":"https:\/\/api.w.org\/{rel}","templated":true}]}}